{"id":11316,"date":"2021-06-29T05:54:17","date_gmt":"2021-06-29T05:54:17","guid":{"rendered":"https:\/\/servicesder.ca\/home\/"},"modified":"2025-01-19T13:28:38","modified_gmt":"2025-01-19T18:28:38","slug":"home","status":"publish","type":"page","link":"https:\/\/servicesder.ca\/fr\/","title":{"rendered":"Accueil"},"content":{"rendered":"\n<div class=\"wp-block-cover alignfull\" style=\"min-height:800px;aspect-ratio:unset;\"><span aria-hidden=\"true\" class=\"wp-block-cover__background has-ast-global-color-0-background-color has-background-dim-80 has-background-dim\"><\/span><img loading=\"lazy\" decoding=\"async\" width=\"2560\" height=\"1111\" class=\"wp-block-cover__image-background wp-image-11172\" alt=\"\" src=\"https:\/\/servicesder.ca\/wp-content\/uploads\/2022\/01\/servicesDER_office-scaled.jpg\" style=\"object-position:33% 86%\" data-object-fit=\"cover\" data-object-position=\"33% 86%\" srcset=\"https:\/\/servicesder.ca\/wp-content\/uploads\/2022\/01\/servicesDER_office-scaled.jpg 2560w, https:\/\/servicesder.ca\/wp-content\/uploads\/2022\/01\/servicesDER_office-300x130.jpg 300w, https:\/\/servicesder.ca\/wp-content\/uploads\/2022\/01\/servicesDER_office-1024x444.jpg 1024w, https:\/\/servicesder.ca\/wp-content\/uploads\/2022\/01\/servicesDER_office-768x333.jpg 768w, https:\/\/servicesder.ca\/wp-content\/uploads\/2022\/01\/servicesDER_office-1536x666.jpg 1536w, https:\/\/servicesder.ca\/wp-content\/uploads\/2022\/01\/servicesDER_office-2048x889.jpg 2048w\" sizes=\"auto, (max-width: 2560px) 100vw, 2560px\" \/><div class=\"wp-block-cover__inner-container is-layout-flow wp-block-cover-is-layout-flow\">\n<h1 class=\"wp-block-heading has-text-color\" id=\"services-d-e-r\" style=\"color:#ffffff\"><strong>Services<\/strong> <strong>D.E.R.<\/strong><\/h1>\n\n\n\n<h2 class=\"wp-block-heading has-text-color\" id=\"developpement-ethique-respect\" style=\"color:#ffffff\"><strong>D\u00e9veloppement &#8211; \u00c9thique &#8211; Respect<\/strong><\/h2>\n\n\n\n<h3 class=\"wp-block-heading has-ast-global-color-5-color has-text-color\" id=\"guaranteed-quality-without-compromise-1\">Qualit\u00e9 garantie, sans compromis<\/h3>\n\n\n\n<p class=\"has-ast-global-color-5-color has-text-color has-link-color wp-elements-007674cd7d7700d8dbbfd278608dc780\">Qu\u2019ils soient grand ou petits, vos besoins en mati\u00e8re de comptabilit\u00e9 seront combl\u00e9s. Apr\u00e8s plus de vingt-cinq ans d&rsquo;exp\u00e9rience, nous avons acquis une solide r\u00e9putation d&rsquo;excellence.<\/p>\n\n\n\n<p class=\"has-ast-global-color-5-color has-text-color has-link-color wp-elements-453799b7ba98a22bb8e848c7475947ef\"><strong>Notre mot d\u2019ordre : trouver des solutions. La gestion des probl\u00e8mes comptabilit\u00e9 et fiscalit\u00e9 c\u2019est notre affaire. Un vaste r\u00e9seau d&rsquo;experts appuie no d\u00e9marches.<\/strong><\/p>\n<\/div><\/div>\n\n\n\n<div class=\"wp-block-group alignfull has-ast-global-color-5-background-color has-background is-layout-flow wp-block-group-is-layout-flow\"><div class=\"wp-block-group__inner-container\">\n<div class=\"wp-block-media-text alignwide is-stacked-on-mobile is-vertically-aligned-center\"><figure class=\"wp-block-media-text__media\"><img loading=\"lazy\" decoding=\"async\" width=\"1024\" height=\"683\" src=\"https:\/\/servicesder.ca\/wp-content\/uploads\/2022\/01\/accounting-rules-clipboard-illustration-1024x683.png\" alt=\"\" class=\"wp-image-11186 size-full\" srcset=\"https:\/\/servicesder.ca\/wp-content\/uploads\/2022\/01\/accounting-rules-clipboard-illustration-1024x683.png 1024w, https:\/\/servicesder.ca\/wp-content\/uploads\/2022\/01\/accounting-rules-clipboard-illustration-300x200.png 300w, https:\/\/servicesder.ca\/wp-content\/uploads\/2022\/01\/accounting-rules-clipboard-illustration-768x512.png 768w, https:\/\/servicesder.ca\/wp-content\/uploads\/2022\/01\/accounting-rules-clipboard-illustration-1536x1024.png 1536w, https:\/\/servicesder.ca\/wp-content\/uploads\/2022\/01\/accounting-rules-clipboard-illustration-2048x1365.png 2048w\" sizes=\"auto, (max-width: 1024px) 100vw, 1024px\" \/><\/figure><div class=\"wp-block-media-text__content\">\n<h5 class=\"wp-block-heading has-ast-global-color-0-color has-text-color\" id=\"01\">01.<\/h5>\n\n\n\n<h3 class=\"wp-block-heading\" id=\"comptabilite\" style=\"text-transform:lowercase\">Comptabilit\u00e9<\/h3>\n\n\n\n<ul class=\"wp-block-list\">\n<li>Rapports de flux bancaires \u2013 rapports mensuels d\u00e9montrant les sources de revenu, les d\u00e9penses contre ce revenu et la balance nette<\/li>\n\n\n\n<li>Rapports financiers mensuels \u2013 \u00c9tat des r\u00e9sultats, le bilan et la balance de v\u00e9rification<\/li>\n\n\n\n<li>Rapports d\u2019imp\u00f4ts corporatifs f\u00e9d\u00e9ral et provincial<\/li>\n\n\n\n<li>Pr\u00e9visions budg\u00e9taire<\/li>\n<\/ul>\n\n\n\n<div class=\"wp-block-buttons is-layout-flex wp-block-buttons-is-layout-flex\">\n<div class=\"wp-block-button\"><a class=\"wp-block-button__link wp-element-button\" href=\"https:\/\/servicesder.ca\/fr\/nos-services\/\">Lire la suite<\/a><\/div>\n<\/div>\n<\/div><\/div>\n\n\n\n<div class=\"wp-block-media-text alignwide has-media-on-the-right is-stacked-on-mobile is-vertically-aligned-center\"><div class=\"wp-block-media-text__content\">\n<h5 class=\"wp-block-heading has-ast-global-color-0-color has-text-color\" id=\"02\">02.<\/h5>\n\n\n\n<h3 class=\"wp-block-heading\" id=\"payroll-services\" style=\"text-transform:lowercase\">Les services de paie<\/h3>\n\n\n\n<ul class=\"wp-block-list\">\n<li>Par ch\u00e8que ou d\u00e9p\u00f4t direct<\/li>\n\n\n\n<li>Relev\u00e9s d\u2019emplois pour les cessions d\u2019emploi<\/li>\n\n\n\n<li>D\u00e9ductions \u00e0 la source et remises<\/li>\n\n\n\n<li>Pr\u00e9paration des T4 et T4A Sommaire<\/li>\n\n\n\n<li>Remises au CSPAAT<\/li>\n<\/ul>\n\n\n\n<div class=\"wp-block-buttons is-layout-flex wp-block-buttons-is-layout-flex\">\n<div class=\"wp-block-button\"><a class=\"wp-block-button__link wp-element-button\" href=\"https:\/\/servicesder.ca\/fr\/nos-services\/\">Lire la suite<\/a><\/div>\n<\/div>\n<\/div><figure class=\"wp-block-media-text__media\"><img loading=\"lazy\" decoding=\"async\" width=\"1024\" height=\"683\" src=\"https:\/\/servicesder.ca\/wp-content\/uploads\/2022\/01\/lady-working-on-laptop-on-accounting-1024x683.png\" alt=\"\" class=\"wp-image-11188 size-full\" srcset=\"https:\/\/servicesder.ca\/wp-content\/uploads\/2022\/01\/lady-working-on-laptop-on-accounting-1024x683.png 1024w, https:\/\/servicesder.ca\/wp-content\/uploads\/2022\/01\/lady-working-on-laptop-on-accounting-300x200.png 300w, https:\/\/servicesder.ca\/wp-content\/uploads\/2022\/01\/lady-working-on-laptop-on-accounting-768x512.png 768w, https:\/\/servicesder.ca\/wp-content\/uploads\/2022\/01\/lady-working-on-laptop-on-accounting-1536x1024.png 1536w, https:\/\/servicesder.ca\/wp-content\/uploads\/2022\/01\/lady-working-on-laptop-on-accounting-2048x1365.png 2048w\" sizes=\"auto, (max-width: 1024px) 100vw, 1024px\" \/><\/figure><\/div>\n\n\n\n<div class=\"wp-block-media-text alignwide is-stacked-on-mobile is-vertically-aligned-center\"><figure class=\"wp-block-media-text__media\"><img loading=\"lazy\" decoding=\"async\" width=\"1024\" height=\"683\" src=\"https:\/\/servicesder.ca\/wp-content\/uploads\/2022\/01\/team-analyzing-account-details-1024x683.png\" alt=\"\" class=\"wp-image-11190 size-full\" srcset=\"https:\/\/servicesder.ca\/wp-content\/uploads\/2022\/01\/team-analyzing-account-details-1024x683.png 1024w, https:\/\/servicesder.ca\/wp-content\/uploads\/2022\/01\/team-analyzing-account-details-300x200.png 300w, https:\/\/servicesder.ca\/wp-content\/uploads\/2022\/01\/team-analyzing-account-details-768x512.png 768w, https:\/\/servicesder.ca\/wp-content\/uploads\/2022\/01\/team-analyzing-account-details-1536x1024.png 1536w, https:\/\/servicesder.ca\/wp-content\/uploads\/2022\/01\/team-analyzing-account-details-2048x1365.png 2048w\" sizes=\"auto, (max-width: 1024px) 100vw, 1024px\" \/><\/figure><div class=\"wp-block-media-text__content\">\n<h5 class=\"wp-block-heading has-ast-global-color-0-color has-text-color\" id=\"03\">03.<\/h5>\n\n\n\n<h3 class=\"wp-block-heading\" id=\"small-business-development\" style=\"text-transform:lowercase\">D\u00e9veloppement de petites entreprises<\/h3>\n\n\n\n<ul class=\"wp-block-list\">\n<li>Pr\u00e9paration ou mise \u00e0 jour de plan d\u2019entreprise<\/li>\n\n\n\n<li>Pr\u00e9parer une demande de pr\u00eat<\/li>\n\n\n\n<li>Projets d\u2019entreprise<\/li>\n\n\n\n<li>Mouvements de caisse<\/li>\n\n\n\n<li>\u00c9tats financiers et fins d\u2019ann\u00e9e<\/li>\n<\/ul>\n\n\n\n<div class=\"wp-block-buttons is-layout-flex wp-block-buttons-is-layout-flex\">\n<div class=\"wp-block-button\"><a class=\"wp-block-button__link wp-element-button\" href=\"https:\/\/servicesder.ca\/fr\/nos-services\/\">Lire la suite<\/a><\/div>\n<\/div>\n<\/div><\/div>\n\n\n\n<div class=\"wp-block-media-text alignwide has-media-on-the-right is-stacked-on-mobile is-vertically-aligned-center\"><div class=\"wp-block-media-text__content\">\n<h5 class=\"wp-block-heading has-ast-global-color-0-color has-text-color\" id=\"02\">04.<\/h5>\n\n\n\n<h3 class=\"wp-block-heading\" id=\"payroll-services\" style=\"text-transform:lowercase\">Tenue de livres<\/h3>\n\n\n\n<ul class=\"wp-block-list\">\n<li>Informatis\u00e9e et manuelle<\/li>\n\n\n\n<li>Comptes payables et la pr\u00e9paration de ch\u00e8ques manuels ou informatis\u00e9s<\/li>\n\n\n\n<li>Comptes recevables<\/li>\n\n\n\n<li>Remises de TVH<\/li>\n\n\n\n<li>Entr\u00e9e de donn\u00e9es<\/li>\n\n\n\n<li>Conciliations bancaires<\/li>\n\n\n\n<li>Prise d\u2019inventaire (physique et\/ou informatis\u00e9 avec code-barres)<\/li>\n\n\n\n<li>Suivi aupr\u00e8s de Revenu Canada<\/li>\n<\/ul>\n\n\n\n<div class=\"wp-block-buttons is-layout-flex wp-block-buttons-is-layout-flex\">\n<div class=\"wp-block-button\"><a class=\"wp-block-button__link wp-element-button\" href=\"https:\/\/servicesder.ca\/fr\/nos-services\/\">Lire la suite<\/a><\/div>\n<\/div>\n<\/div><figure class=\"wp-block-media-text__media\"><img loading=\"lazy\" decoding=\"async\" width=\"1024\" height=\"683\" src=\"https:\/\/servicesder.ca\/wp-content\/uploads\/2022\/01\/businesswoman-making-budget-planning-1024x683.png\" alt=\"\" class=\"wp-image-11193 size-full\" srcset=\"https:\/\/servicesder.ca\/wp-content\/uploads\/2022\/01\/businesswoman-making-budget-planning-1024x683.png 1024w, https:\/\/servicesder.ca\/wp-content\/uploads\/2022\/01\/businesswoman-making-budget-planning-300x200.png 300w, https:\/\/servicesder.ca\/wp-content\/uploads\/2022\/01\/businesswoman-making-budget-planning-768x512.png 768w, https:\/\/servicesder.ca\/wp-content\/uploads\/2022\/01\/businesswoman-making-budget-planning-1536x1024.png 1536w, https:\/\/servicesder.ca\/wp-content\/uploads\/2022\/01\/businesswoman-making-budget-planning-2048x1365.png 2048w\" sizes=\"auto, (max-width: 1024px) 100vw, 1024px\" \/><\/figure><\/div>\n\n\n\n<div class=\"wp-block-media-text alignwide is-stacked-on-mobile is-vertically-aligned-center\"><figure class=\"wp-block-media-text__media\"><img loading=\"lazy\" decoding=\"async\" width=\"1024\" height=\"683\" src=\"https:\/\/servicesder.ca\/wp-content\/uploads\/2022\/01\/financial-audit-illustration-1024x683.png\" alt=\"\" class=\"wp-image-11196 size-full\" srcset=\"https:\/\/servicesder.ca\/wp-content\/uploads\/2022\/01\/financial-audit-illustration-1024x683.png 1024w, https:\/\/servicesder.ca\/wp-content\/uploads\/2022\/01\/financial-audit-illustration-300x200.png 300w, https:\/\/servicesder.ca\/wp-content\/uploads\/2022\/01\/financial-audit-illustration-768x512.png 768w, https:\/\/servicesder.ca\/wp-content\/uploads\/2022\/01\/financial-audit-illustration-1536x1024.png 1536w, https:\/\/servicesder.ca\/wp-content\/uploads\/2022\/01\/financial-audit-illustration-2048x1365.png 2048w\" sizes=\"auto, (max-width: 1024px) 100vw, 1024px\" \/><\/figure><div class=\"wp-block-media-text__content\">\n<h5 class=\"wp-block-heading has-ast-global-color-0-color has-text-color\" id=\"03\">05.<\/h5>\n\n\n\n<h3 class=\"wp-block-heading\" id=\"small-business-development\" style=\"text-transform:lowercase\">V\u00e9rifications des taxes<br>et de la TVH\/TPS<\/h3>\n\n\n\n<ul class=\"wp-block-list\">\n<li>Personnels<\/li>\n\n\n\n<li>Soci\u00e9t\u00e9s<\/li>\n\n\n\n<li>Petites entreprises<\/li>\n<\/ul>\n\n\n\n<div class=\"wp-block-buttons is-layout-flex wp-block-buttons-is-layout-flex\">\n<div class=\"wp-block-button\"><a class=\"wp-block-button__link wp-element-button\" href=\"https:\/\/servicesder.ca\/fr\/nos-services\/\">Lire la suite<\/a><\/div>\n<\/div>\n<\/div><\/div>\n<\/div><\/div>\n\n\n\n<div class=\"wp-block-cover alignfull\" style=\"min-height:500px;aspect-ratio:unset;\"><span aria-hidden=\"true\" class=\"wp-block-cover__background has-ast-global-color-0-background-color has-background-dim-80 has-background-dim\"><\/span><img loading=\"lazy\" decoding=\"async\" width=\"2560\" height=\"1920\" class=\"wp-block-cover__image-background wp-image-11253\" alt=\"\" src=\"https:\/\/servicesder.ca\/wp-content\/uploads\/2022\/01\/IMG_1717-scaled.jpg\" style=\"object-position:50% 50%\" data-object-fit=\"cover\" data-object-position=\"50% 50%\" srcset=\"https:\/\/servicesder.ca\/wp-content\/uploads\/2022\/01\/IMG_1717-scaled.jpg 2560w, https:\/\/servicesder.ca\/wp-content\/uploads\/2022\/01\/IMG_1717-300x225.jpg 300w, https:\/\/servicesder.ca\/wp-content\/uploads\/2022\/01\/IMG_1717-1024x768.jpg 1024w, https:\/\/servicesder.ca\/wp-content\/uploads\/2022\/01\/IMG_1717-768x576.jpg 768w, https:\/\/servicesder.ca\/wp-content\/uploads\/2022\/01\/IMG_1717-1536x1152.jpg 1536w, https:\/\/servicesder.ca\/wp-content\/uploads\/2022\/01\/IMG_1717-2048x1536.jpg 2048w\" sizes=\"auto, (max-width: 2560px) 100vw, 2560px\" \/><div class=\"wp-block-cover__inner-container is-layout-flow wp-block-cover-is-layout-flow\">\n<p class=\"has-ast-global-color-5-color has-text-color has-link-color wp-elements-82deca9cc6ae47a1a323b442008dcab8\" style=\"font-size:25px\">Nous nous engageons pour le progr\u00e8s des entreprises. Nous comprenons les besoins et respectons les approches et les ambitions de chacun et nous reconnaissons que l&rsquo;entrepreneur est au c\u0153ur de son entreprise, qu&rsquo;elle soit petite, moyenne ou grande.<\/p>\n\n\n\n<p class=\"has-ast-global-color-5-color has-text-color has-link-color wp-elements-bc45b27dfebba51cdd5b9231f9bb74ec\" style=\"font-size:25px\"><strong>Faites un pas de plus vers l\u2019atteinte de vos objectifs. Venez nous rencontrer, vous ne pourrez qu\u2019y gagner!<\/strong><\/p>\n<\/div><\/div>\n","protected":false},"excerpt":{"rendered":"<p>01. Comptabilit\u00e9 02. Les services de paie 03. D\u00e9veloppement de petites entreprises 04. Tenue de livres 05. V\u00e9rifications des taxeset de la TVH\/TPS<\/p>\n","protected":false},"author":5,"featured_media":0,"parent":0,"menu_order":0,"comment_status":"closed","ping_status":"closed","template":"","meta":{"_uag_custom_page_level_css":"","site-sidebar-layout":"no-sidebar","site-content-layout":"plain-container","ast-site-content-layout":"normal-width-container","site-content-style":"unboxed","site-sidebar-style":"unboxed","ast-global-header-display":"","ast-banner-title-visibility":"","ast-main-header-display":"","ast-hfb-above-header-display":"","ast-hfb-below-header-display":"","ast-hfb-mobile-header-display":"","site-post-title":"disabled","ast-breadcrumbs-content":"","ast-featured-img":"disabled","footer-sml-layout":"","ast-disable-related-posts":"","theme-transparent-header-meta":"enabled","adv-header-id-meta":"","stick-header-meta":"","header-above-stick-meta":"","header-main-stick-meta":"","header-below-stick-meta":"","astra-migrate-meta-layouts":"set","ast-page-background-enabled":"default","ast-page-background-meta":{"desktop":{"background-color":"var(--ast-global-color-4)","background-image":"","background-repeat":"repeat","background-position":"center center","background-size":"auto","background-attachment":"scroll","background-type":"","background-media":"","overlay-type":"","overlay-color":"","overlay-opacity":"","overlay-gradient":""},"tablet":{"background-color":"","background-image":"","background-repeat":"repeat","background-position":"center center","background-size":"auto","background-attachment":"scroll","background-type":"","background-media":"","overlay-type":"","overlay-color":"","overlay-opacity":"","overlay-gradient":""},"mobile":{"background-color":"","background-image":"","background-repeat":"repeat","background-position":"center center","background-size":"auto","background-attachment":"scroll","background-type":"","background-media":"","overlay-type":"","overlay-color":"","overlay-opacity":"","overlay-gradient":""}},"ast-content-background-meta":{"desktop":{"background-color":"var(--ast-global-color-5)","background-image":"","background-repeat":"repeat","background-position":"center center","background-size":"auto","background-attachment":"scroll","background-type":"","background-media":"","overlay-type":"","overlay-color":"","overlay-opacity":"","overlay-gradient":""},"tablet":{"background-color":"var(--ast-global-color-5)","background-image":"","background-repeat":"repeat","background-position":"center center","background-size":"auto","background-attachment":"scroll","background-type":"","background-media":"","overlay-type":"","overlay-color":"","overlay-opacity":"","overlay-gradient":""},"mobile":{"background-color":"var(--ast-global-color-5)","background-image":"","background-repeat":"repeat","background-position":"center center","background-size":"auto","background-attachment":"scroll","background-type":"","background-media":"","overlay-type":"","overlay-color":"","overlay-opacity":"","overlay-gradient":""}},"footnotes":""},"class_list":["post-11316","page","type-page","status-publish","hentry"],"uagb_featured_image_src":{"full":false,"thumbnail":false,"medium":false,"medium_large":false,"large":false,"1536x1536":false,"2048x2048":false},"uagb_author_info":{"display_name":"Marquis","author_link":"https:\/\/servicesder.ca\/fr\/author\/marquis\/"},"uagb_comment_info":0,"uagb_excerpt":"01. Comptabilit\u00e9 02. Les services de paie 03. D\u00e9veloppement de petites entreprises 04. Tenue de livres 05. V\u00e9rifications des taxeset de la TVH\/TPS","_links":{"self":[{"href":"https:\/\/servicesder.ca\/fr\/wp-json\/wp\/v2\/pages\/11316","targetHints":{"allow":["GET"]}}],"collection":[{"href":"https:\/\/servicesder.ca\/fr\/wp-json\/wp\/v2\/pages"}],"about":[{"href":"https:\/\/servicesder.ca\/fr\/wp-json\/wp\/v2\/types\/page"}],"author":[{"embeddable":true,"href":"https:\/\/servicesder.ca\/fr\/wp-json\/wp\/v2\/users\/5"}],"replies":[{"embeddable":true,"href":"https:\/\/servicesder.ca\/fr\/wp-json\/wp\/v2\/comments?post=11316"}],"version-history":[{"count":7,"href":"https:\/\/servicesder.ca\/fr\/wp-json\/wp\/v2\/pages\/11316\/revisions"}],"predecessor-version":[{"id":11449,"href":"https:\/\/servicesder.ca\/fr\/wp-json\/wp\/v2\/pages\/11316\/revisions\/11449"}],"wp:attachment":[{"href":"https:\/\/servicesder.ca\/fr\/wp-json\/wp\/v2\/media?parent=11316"}],"curies":[{"name":"wp","href":"https:\/\/api.w.org\/{rel}","templated":true}]}}