{"id":82,"date":"2010-11-23T15:18:53","date_gmt":"2010-11-23T20:18:53","guid":{"rendered":"http:\/\/www.servicesder.ca\/"},"modified":"2025-07-08T14:11:51","modified_gmt":"2025-07-08T18:11:51","slug":"nous-joindre","status":"publish","type":"page","link":"https:\/\/servicesder.ca\/fr\/nous-joindre\/","title":{"rendered":"Nous joindre"},"content":{"rendered":"\n<div class=\"wp-block-cover alignfull\" style=\"min-height:500px;aspect-ratio:unset;\"><img loading=\"lazy\" decoding=\"async\" width=\"2560\" height=\"1920\" class=\"wp-block-cover__image-background wp-image-11291\" alt=\"\" src=\"https:\/\/servicesder.ca\/wp-content\/uploads\/2022\/01\/IMG_1715-scaled.jpg\" style=\"object-position:30% 70%\" data-object-fit=\"cover\" data-object-position=\"30% 70%\" srcset=\"https:\/\/servicesder.ca\/wp-content\/uploads\/2022\/01\/IMG_1715-scaled.jpg 2560w, https:\/\/servicesder.ca\/wp-content\/uploads\/2022\/01\/IMG_1715-300x225.jpg 300w, https:\/\/servicesder.ca\/wp-content\/uploads\/2022\/01\/IMG_1715-1024x768.jpg 1024w, https:\/\/servicesder.ca\/wp-content\/uploads\/2022\/01\/IMG_1715-768x576.jpg 768w, https:\/\/servicesder.ca\/wp-content\/uploads\/2022\/01\/IMG_1715-1536x1152.jpg 1536w, https:\/\/servicesder.ca\/wp-content\/uploads\/2022\/01\/IMG_1715-2048x1536.jpg 2048w\" sizes=\"auto, (max-width: 2560px) 100vw, 2560px\" \/><span aria-hidden=\"true\" class=\"wp-block-cover__background has-ast-global-color-0-background-color has-background-dim-80 has-background-dim\"><\/span><div class=\"wp-block-cover__inner-container is-layout-flow wp-block-cover-is-layout-flow\">\n<div style=\"height:150px\" aria-hidden=\"true\" class=\"wp-block-spacer\"><\/div>\n\n\n\n<h1 class=\"wp-block-heading has-ast-global-color-5-color has-text-color\" id=\"nous-joindre\">Nous Joindre<\/h1>\n\n\n\n<h2 class=\"wp-block-heading has-ast-global-color-5-color has-text-color\" id=\"premiere-consultation-gratuite\" style=\"font-size:28px\">Premi\u00e8re consultation gratuite !<\/h2>\n<\/div><\/div>\n\n\n\n<div class=\"wp-block-columns alignwide is-layout-flex wp-container-core-columns-is-layout-28f84493 wp-block-columns-is-layout-flex\">\n<div class=\"wp-block-column is-layout-flow wp-block-column-is-layout-flow\">\n<p><strong>Adresse postale<br><\/strong>C.P. 89, Rockland Ontario K4K 1K2<\/p>\n\n\n\n<p><strong>D.E.R. Services<\/strong><br>1608, rue Laurier<br>Rockland Ontario K4K 1C7<br>T\u00e9l\u00e9phone: 613-446-0044<br>T\u00e9l\u00e9copieur: 613-446-3378<br><a href=\"mailto:reception@servicesder.ca\">reception@servicesder.ca<\/a><\/p>\n\n\n\n<h4 class=\"wp-block-heading\" id=\"nos-heures-d-ouverture\"><strong>Nos heures d\u2019ouverture :<\/strong><\/h4>\n\n\n\n<p><strong>Lundi : <\/strong>8h \u00e0 16h<br><strong>Mardi : <\/strong>8h \u00e0 16h<br><strong>Mercredi : <\/strong>8h \u00e0 16h<br><strong>Jeudi : <\/strong>8h \u00e0 16h<br><strong>Vendredi : <\/strong>8h \u00e0 midi<br><strong>Samedi et Dimanche : <\/strong>Ferm\u00e9<\/p>\n\n\n\n<p>*Notre bureau sont ferm\u00e9 pendant l\u2019heure du diner. (12h00-13h00)<\/p>\n<\/div>\n\n\n\n<div class=\"wp-block-column is-layout-flow wp-block-column-is-layout-flow\">\n\n<div class=\"wpcf7 no-js\" id=\"wpcf7-f11039-o1\" lang=\"fr-FR\" dir=\"ltr\" data-wpcf7-id=\"11039\">\n<div class=\"screen-reader-response\"><p role=\"status\" aria-live=\"polite\" aria-atomic=\"true\"><\/p> <ul><\/ul><\/div>\n<form action=\"\/fr\/wp-json\/wp\/v2\/pages\/82#wpcf7-f11039-o1\" method=\"post\" class=\"wpcf7-form init\" aria-label=\"Formulaire de contact\" novalidate=\"novalidate\" data-status=\"init\">\n<fieldset class=\"hidden-fields-container\"><input type=\"hidden\" name=\"_wpcf7\" value=\"11039\" \/><input type=\"hidden\" name=\"_wpcf7_version\" value=\"6.1.5\" \/><input type=\"hidden\" name=\"_wpcf7_locale\" value=\"fr_FR\" \/><input type=\"hidden\" name=\"_wpcf7_unit_tag\" value=\"wpcf7-f11039-o1\" \/><input type=\"hidden\" name=\"_wpcf7_container_post\" value=\"0\" \/><input type=\"hidden\" name=\"_wpcf7_posted_data_hash\" value=\"\" \/>\n<\/fieldset>\n<div class=\"row\">\n\t<div class=\"grid-1-3\">\n\t\t<p><span class=\"wpcf7-form-control-wrap\" data-name=\"your-name\"><input size=\"40\" maxlength=\"400\" class=\"wpcf7-form-control wpcf7-text wpcf7-validates-as-required\" aria-required=\"true\" aria-invalid=\"false\" placeholder=\"Votre nom\" value=\"\" type=\"text\" name=\"your-name\" \/><\/span>\n\t\t<\/p>\n\t<\/div>\n\t<div class=\"grid-1-3\">\n\t\t<p><span class=\"wpcf7-form-control-wrap\" data-name=\"your-email\"><input size=\"40\" maxlength=\"400\" class=\"wpcf7-form-control wpcf7-email wpcf7-validates-as-required wpcf7-text wpcf7-validates-as-email\" aria-required=\"true\" aria-invalid=\"false\" placeholder=\"Votre courriel\" value=\"\" type=\"email\" name=\"your-email\" \/><\/span>\n\t\t<\/p>\n\t<\/div>\n\t<div class=\"grid-1-3\">\n\t\t<p><span class=\"wpcf7-form-control-wrap\" data-name=\"your-phone\"><input size=\"40\" maxlength=\"400\" class=\"wpcf7-form-control wpcf7-text\" aria-invalid=\"false\" placeholder=\"T\u00e9l\u00e9phone\" value=\"\" type=\"text\" name=\"your-phone\" \/><\/span>\n\t\t<\/p>\n\t<\/div>\n\t<div class=\"grid-1-1\">\n\t\t<p><span class=\"wpcf7-form-control-wrap\" data-name=\"your-subject\"><input size=\"40\" maxlength=\"400\" class=\"wpcf7-form-control wpcf7-text\" aria-invalid=\"false\" placeholder=\"Sujet\" value=\"\" type=\"text\" name=\"your-subject\" \/><\/span>\n\t\t<\/p>\n\t<\/div>\n\t<div class=\"grid-1-1\">\n\t\t<p><span class=\"wpcf7-form-control-wrap\" data-name=\"Message\"><textarea cols=\"40\" rows=\"6\" maxlength=\"2000\" class=\"wpcf7-form-control wpcf7-textarea wpcf7-validates-as-required\" aria-required=\"true\" aria-invalid=\"false\" placeholder=\"Votre message...\" name=\"Message\"><\/textarea><\/span>\n\t\t<\/p>\n\t<\/div>\n\t<div style= \"text-align: center;\">\n\t\t<p><input class=\"wpcf7-form-control wpcf7-submit has-spinner\" type=\"submit\" value=\"Soumettre \u2192\" \/>\n\t\t<\/p>\n\t<\/div>\n<\/div><div class=\"wpcf7-response-output\" aria-hidden=\"true\"><\/div>\n<\/form>\n<\/div>\n\n<\/div>\n<\/div>\n","protected":false},"excerpt":{"rendered":"<p>Adresse postaleC.P. 89, Rockland Ontario K4K 1K2 D.E.R. Services1608, rue LaurierRockland Ontario K4K 1C7T\u00e9l\u00e9phone: 613-446-0044T\u00e9l\u00e9copieur: 613-446-3378reception@servicesder.ca Nos heures d\u2019ouverture : Lundi : 8h \u00e0 16hMardi : 8h \u00e0 16hMercredi : 8h \u00e0 16hJeudi : 8h \u00e0 16hVendredi : 8h \u00e0 midiSamedi et Dimanche : Ferm\u00e9 *Notre bureau sont ferm\u00e9 pendant l\u2019heure du diner. (12h00-13h00)<\/p>\n","protected":false},"author":1,"featured_media":0,"parent":0,"menu_order":40,"comment_status":"closed","ping_status":"closed","template":"","meta":{"_uag_custom_page_level_css":"","site-sidebar-layout":"no-sidebar","site-content-layout":"plain-container","ast-site-content-layout":"normal-width-container","site-content-style":"unboxed","site-sidebar-style":"unboxed","ast-global-header-display":"","ast-banner-title-visibility":"","ast-main-header-display":"","ast-hfb-above-header-display":"","ast-hfb-below-header-display":"","ast-hfb-mobile-header-display":"","site-post-title":"disabled","ast-breadcrumbs-content":"","ast-featured-img":"disabled","footer-sml-layout":"","ast-disable-related-posts":"","theme-transparent-header-meta":"enabled","adv-header-id-meta":"","stick-header-meta":"","header-above-stick-meta":"","header-main-stick-meta":"","header-below-stick-meta":"","astra-migrate-meta-layouts":"set","ast-page-background-enabled":"default","ast-page-background-meta":{"desktop":{"background-color":"var(--ast-global-color-4)","background-image":"","background-repeat":"repeat","background-position":"center center","background-size":"auto","background-attachment":"scroll","background-type":"","background-media":"","overlay-type":"","overlay-color":"","overlay-opacity":"","overlay-gradient":""},"tablet":{"background-color":"","background-image":"","background-repeat":"repeat","background-position":"center center","background-size":"auto","background-attachment":"scroll","background-type":"","background-media":"","overlay-type":"","overlay-color":"","overlay-opacity":"","overlay-gradient":""},"mobile":{"background-color":"","background-image":"","background-repeat":"repeat","background-position":"center center","background-size":"auto","background-attachment":"scroll","background-type":"","background-media":"","overlay-type":"","overlay-color":"","overlay-opacity":"","overlay-gradient":""}},"ast-content-background-meta":{"desktop":{"background-color":"var(--ast-global-color-5)","background-image":"","background-repeat":"repeat","background-position":"center center","background-size":"auto","background-attachment":"scroll","background-type":"","background-media":"","overlay-type":"","overlay-color":"","overlay-opacity":"","overlay-gradient":""},"tablet":{"background-color":"var(--ast-global-color-5)","background-image":"","background-repeat":"repeat","background-position":"center center","background-size":"auto","background-attachment":"scroll","background-type":"","background-media":"","overlay-type":"","overlay-color":"","overlay-opacity":"","overlay-gradient":""},"mobile":{"background-color":"var(--ast-global-color-5)","background-image":"","background-repeat":"repeat","background-position":"center center","background-size":"auto","background-attachment":"scroll","background-type":"","background-media":"","overlay-type":"","overlay-color":"","overlay-opacity":"","overlay-gradient":""}},"footnotes":""},"class_list":["post-82","page","type-page","status-publish","hentry"],"uagb_featured_image_src":{"full":false,"thumbnail":false,"medium":false,"medium_large":false,"large":false,"1536x1536":false,"2048x2048":false},"uagb_author_info":{"display_name":"a_sder","author_link":"https:\/\/servicesder.ca\/fr\/author\/a_sder\/"},"uagb_comment_info":0,"uagb_excerpt":"Adresse postaleC.P. 89, Rockland Ontario K4K 1K2 D.E.R. Services1608, rue LaurierRockland Ontario K4K 1C7T\u00e9l\u00e9phone: 613-446-0044T\u00e9l\u00e9copieur: 613-446-3378reception@servicesder.ca Nos heures d\u2019ouverture : Lundi : 8h \u00e0 16hMardi : 8h \u00e0 16hMercredi : 8h \u00e0 16hJeudi : 8h \u00e0 16hVendredi : 8h \u00e0 midiSamedi et Dimanche : Ferm\u00e9 *Notre bureau sont ferm\u00e9 pendant l\u2019heure du diner. (12h00-13h00)","_links":{"self":[{"href":"https:\/\/servicesder.ca\/fr\/wp-json\/wp\/v2\/pages\/82","targetHints":{"allow":["GET"]}}],"collection":[{"href":"https:\/\/servicesder.ca\/fr\/wp-json\/wp\/v2\/pages"}],"about":[{"href":"https:\/\/servicesder.ca\/fr\/wp-json\/wp\/v2\/types\/page"}],"author":[{"embeddable":true,"href":"https:\/\/servicesder.ca\/fr\/wp-json\/wp\/v2\/users\/1"}],"replies":[{"embeddable":true,"href":"https:\/\/servicesder.ca\/fr\/wp-json\/wp\/v2\/comments?post=82"}],"version-history":[{"count":52,"href":"https:\/\/servicesder.ca\/fr\/wp-json\/wp\/v2\/pages\/82\/revisions"}],"predecessor-version":[{"id":11487,"href":"https:\/\/servicesder.ca\/fr\/wp-json\/wp\/v2\/pages\/82\/revisions\/11487"}],"wp:attachment":[{"href":"https:\/\/servicesder.ca\/fr\/wp-json\/wp\/v2\/media?parent=82"}],"curies":[{"name":"wp","href":"https:\/\/api.w.org\/{rel}","templated":true}]}}